{"id":44,"date":"2024-05-21T14:30:10","date_gmt":"2024-05-21T17:30:10","guid":{"rendered":"https:\/\/projetar.com.br\/?page_id=44"},"modified":"2024-07-02T14:15:13","modified_gmt":"2024-07-02T17:15:13","slug":"servicos","status":"publish","type":"page","link":"https:\/\/projetar.com.br\/index.php\/servicos\/","title":{"rendered":"Servi\u00e7os"},"content":{"rendered":"\t\t<div data-elementor-type=\"wp-page\" data-elementor-id=\"44\" class=\"elementor elementor-44\" data-elementor-post-type=\"page\">\n\t\t\t\t<div class=\"elementor-element elementor-element-2784944 e-flex e-con-boxed e-con e-parent\" data-id=\"2784944\" data-element_type=\"container\" data-settings=\"{&quot;background_background&quot;:&quot;classic&quot;}\">\n\t\t\t\t\t<div class=\"e-con-inner\">\n\t\t<div class=\"elementor-element elementor-element-4e83534 e-con-full e-flex e-con e-child\" data-id=\"4e83534\" data-element_type=\"container\">\n\t\t\t\t<div class=\"elementor-element elementor-element-79dcbca elementor-widget elementor-widget-heading\" data-id=\"79dcbca\" data-element_type=\"widget\" data-widget_type=\"heading.default\">\n\t\t\t\t<div class=\"elementor-widget-container\">\n\t\t\t\t\t<h2 class=\"elementor-heading-title elementor-size-default\">Nossos Servi\u00e7os<\/h2>\t\t\t\t<\/div>\n\t\t\t\t<\/div>\n\t\t\t\t<\/div>\n\t\t<div class=\"elementor-element elementor-element-fa6d231 e-con-full e-flex e-con e-child\" data-id=\"fa6d231\" data-element_type=\"container\">\n\t\t\t\t<div class=\"elementor-element elementor-element-88e4df6 elementor-widget-divider--view-line elementor-widget elementor-widget-divider\" data-id=\"88e4df6\" data-element_type=\"widget\" data-widget_type=\"divider.default\">\n\t\t\t\t<div class=\"elementor-widget-container\">\n\t\t\t\t\t\t\t<div class=\"elementor-divider\">\n\t\t\t<span class=\"elementor-divider-separator\">\n\t\t\t\t\t\t<\/span>\n\t\t<\/div>\n\t\t\t\t\t\t<\/div>\n\t\t\t\t<\/div>\n\t\t\t\t<\/div>\n\t\t<div class=\"elementor-element elementor-element-3539ded e-con-full e-flex e-con e-child\" data-id=\"3539ded\" data-element_type=\"container\">\n\t\t\t\t<div class=\"elementor-element elementor-element-47ed5a9 elementor-widget__width-initial elementor-widget-tablet__width-initial elementor-widget elementor-widget-text-editor\" data-id=\"47ed5a9\" data-element_type=\"widget\" data-widget_type=\"text-editor.default\">\n\t\t\t\t<div class=\"elementor-widget-container\">\n\t\t\t\t\t\t\t\t\t<p><strong>Somos uma empresa de engenharia dedicada \u00e0 projetos e assessoria em sistemas!<\/strong><\/p><p>Al\u00e9m de oferecer tamb\u00e9m servi\u00e7os de Fiscaliza\u00e7\u00e3o e Acompanhamento de Obras.<\/p><p>Elabora\u00e7\u00e3o de projetos em 2D e 3D<\/p><p>\u00a0<\/p>\t\t\t\t\t\t\t\t<\/div>\n\t\t\t\t<\/div>\n\t\t\t\t<\/div>\n\t\t\t\t\t<\/div>\n\t\t\t\t<\/div>\n\t\t<div class=\"elementor-element elementor-element-3649149 e-flex e-con-boxed e-con e-parent\" data-id=\"3649149\" data-element_type=\"container\" data-settings=\"{&quot;background_background&quot;:&quot;classic&quot;}\">\n\t\t\t\t\t<div class=\"e-con-inner\">\n\t\t\t\t<div class=\"elementor-element elementor-element-ed568ae elementor-widget-divider--view-line elementor-widget elementor-widget-divider\" data-id=\"ed568ae\" data-element_type=\"widget\" data-widget_type=\"divider.default\">\n\t\t\t\t<div class=\"elementor-widget-container\">\n\t\t\t\t\t\t\t<div class=\"elementor-divider\">\n\t\t\t<span class=\"elementor-divider-separator\">\n\t\t\t\t\t\t<\/span>\n\t\t<\/div>\n\t\t\t\t\t\t<\/div>\n\t\t\t\t<\/div>\n\t\t\t\t\t<\/div>\n\t\t\t\t<\/div>\n\t\t<div class=\"elementor-element elementor-element-059a885 e-flex e-con-boxed e-con e-parent\" data-id=\"059a885\" data-element_type=\"container\">\n\t\t\t\t\t<div class=\"e-con-inner\">\n\t\t<div class=\"elementor-element elementor-element-ee5e515 e-con-full e-flex e-con e-child\" data-id=\"ee5e515\" data-element_type=\"container\">\n\t\t\t\t<div class=\"elementor-element elementor-element-d095312 elementor-widget elementor-widget-elementskit-image-box\" data-id=\"d095312\" data-element_type=\"widget\" data-widget_type=\"elementskit-image-box.default\">\n\t\t\t\t<div class=\"elementor-widget-container\">\n\t\t\t\t\t<div class=\"ekit-wid-con\" >\n            <div class=\"elementskit-info-image-box ekit-image-box text-center floating-style\" >\n\n                \n                <div class=\"elementskit-box-header image-box-img-center\">\n\n                    \n                <\/div>\n                \n                <div class=\"elementskit-box-body ekit-image-box-body\">\n                    <div class=\"elementskit-box-content ekit-image-box-body-inner\">\n                                                <h3 class=\"elementskit-info-box-title\">\n\n                        \n                            <svg aria-hidden=\"true\" class=\"e-font-icon-svg e-fas-bolt\" viewBox=\"0 0 320 512\" xmlns=\"http:\/\/www.w3.org\/2000\/svg\"><path d=\"M296 160H180.6l42.6-129.8C227.2 15 215.7 0 200 0H56C44 0 33.8 8.9 32.2 20.8l-32 240C-1.7 275.2 9.5 288 24 288h118.7L96.6 482.5c-3.6 15.2 8 29.5 23.3 29.5 8.4 0 16.4-4.4 20.8-12l176-304c9.3-15.9-2.2-36-20.7-36z\"><\/path><\/svg>\n                        Sistemas El\u00e9tricos\n                        \n                    <\/h3>\n                                                            <div class=\"elementskit-box-style-content\">\n                        Oferecemos servi\u00e7os de projetos de sistemas el\u00e9tricos Residenciais, Corporativos, Shoppings centers e projetos Industriais, garantindo efici\u00eancia, seguran\u00e7a e conformidade com as normas vigentes.\nNossa equipe t\u00e9cnica est\u00e1 preparada para auxili\u00e1-los em qualquer assunto que necessitem.                    <\/div>\n                                    <\/div>\n\n                            <\/div>\n            <\/div>\n    <\/div>\t\t\t\t<\/div>\n\t\t\t\t<\/div>\n\t\t\t\t<\/div>\n\t\t<div class=\"elementor-element elementor-element-3de6c30 e-con-full e-flex e-con e-child\" data-id=\"3de6c30\" data-element_type=\"container\">\n\t\t\t\t<div class=\"elementor-element elementor-element-1747c44 elementor-widget elementor-widget-elementskit-image-box\" data-id=\"1747c44\" data-element_type=\"widget\" data-widget_type=\"elementskit-image-box.default\">\n\t\t\t\t<div class=\"elementor-widget-container\">\n\t\t\t\t\t<div class=\"ekit-wid-con\" >\n            <div class=\"elementskit-info-image-box ekit-image-box text-center floating-style\" >\n\n                \n                <div class=\"elementskit-box-header image-box-img-center\">\n\n                    \n                <\/div>\n                \n                <div class=\"elementskit-box-body ekit-image-box-body\">\n                    <div class=\"elementskit-box-content ekit-image-box-body-inner\">\n                                                <h3 class=\"elementskit-info-box-title\">\n\n                        \n                            <svg aria-hidden=\"true\" class=\"e-font-icon-svg e-fas-thermometer-empty\" viewBox=\"0 0 256 512\" xmlns=\"http:\/\/www.w3.org\/2000\/svg\"><path d=\"M192 384c0 35.346-28.654 64-64 64s-64-28.654-64-64c0-35.346 28.654-64 64-64s64 28.654 64 64zm32-84.653c19.912 22.563 32 52.194 32 84.653 0 70.696-57.303 128-128 128-.299 0-.609-.001-.909-.003C56.789 511.509-.357 453.636.002 383.333.166 351.135 12.225 321.755 32 299.347V96c0-53.019 42.981-96 96-96s96 42.981 96 96v203.347zM208 384c0-34.339-19.37-52.19-32-66.502V96c0-26.467-21.533-48-48-48S80 69.533 80 96v221.498c-12.732 14.428-31.825 32.1-31.999 66.08-.224 43.876 35.563 80.116 79.423 80.42L128 464c44.112 0 80-35.888 80-80z\"><\/path><\/svg>\n                        Sistemas de Climatiza\u00e7\u00e3o de Ar\n                        \n                    <\/h3>\n                                                            <div class=\"elementskit-box-style-content\">\n                        As solu\u00e7\u00f5es de Climatiza\u00e7\u00e3o de Ar, englobam projetos de Ar Condicionado, Ventila\u00e7\u00e3o e Exaust\u00e3o Mec\u00e2nica, Pressuriza\u00e7\u00e3o de Escadas e sistemas de Controle e Extra\u00e7\u00e3o de Fuma\u00e7a.\n\nElaboramos estudos de efici\u00eancia energ\u00e9ticas para fornecer sempre a melhor alternativa.\n\nNossa experi\u00eancia abrange as \u00e1reas prediais, comerciais e industriais em geral.                    <\/div>\n                                    <\/div>\n\n                            <\/div>\n            <\/div>\n    <\/div>\t\t\t\t<\/div>\n\t\t\t\t<\/div>\n\t\t\t\t<\/div>\n\t\t<div class=\"elementor-element elementor-element-227da98 e-con-full e-flex e-con e-child\" data-id=\"227da98\" data-element_type=\"container\">\n\t\t\t\t<div class=\"elementor-element elementor-element-0c078c1 elementor-widget elementor-widget-elementskit-image-box\" data-id=\"0c078c1\" data-element_type=\"widget\" data-widget_type=\"elementskit-image-box.default\">\n\t\t\t\t<div class=\"elementor-widget-container\">\n\t\t\t\t\t<div class=\"ekit-wid-con\" >\n            <div class=\"elementskit-info-image-box ekit-image-box text-center floating-style\" >\n\n                \n                <div class=\"elementskit-box-header image-box-img-center\">\n\n                    \n                <\/div>\n                \n                <div class=\"elementskit-box-body ekit-image-box-body\">\n                    <div class=\"elementskit-box-content ekit-image-box-body-inner\">\n                                                <h3 class=\"elementskit-info-box-title\">\n\n                        \n                            <svg aria-hidden=\"true\" class=\"e-font-icon-svg e-fas-burn\" viewBox=\"0 0 384 512\" xmlns=\"http:\/\/www.w3.org\/2000\/svg\"><path d=\"M192 0C79.7 101.3 0 220.9 0 300.5 0 425 79 512 192 512s192-87 192-211.5c0-79.9-80.2-199.6-192-300.5zm0 448c-56.5 0-96-39-96-94.8 0-13.5 4.6-61.5 96-161.2 91.4 99.7 96 147.7 96 161.2 0 55.8-39.5 94.8-96 94.8z\"><\/path><\/svg>\n                        Sistemas Hidr\u00e1ulicos\n                        \n                    <\/h3>\n                                                            <div class=\"elementskit-box-style-content\">\n                        Projetos de sistemas Hidr\u00e1ulicos, de \u00c1gua Fria, Esgoto e \u00c1guas Pluviais e G\u00e1s, sempre com foco na sustentabilidade.\n\nSomos especialistas em sistemas de capta\u00e7\u00e3o e reaproveitamento de \u00e1guas para reuso.\n\nNossa experi\u00eancia abrange as \u00e1reas prediais, comerciais e industriais em geral.                    <\/div>\n                                    <\/div>\n\n                            <\/div>\n            <\/div>\n    <\/div>\t\t\t\t<\/div>\n\t\t\t\t<\/div>\n\t\t\t\t<\/div>\n\t\t\t\t\t<\/div>\n\t\t\t\t<\/div>\n\t\t<div class=\"elementor-element elementor-element-fa7d13e e-flex e-con-boxed e-con e-parent\" data-id=\"fa7d13e\" data-element_type=\"container\">\n\t\t\t\t\t<div class=\"e-con-inner\">\n\t\t<div class=\"elementor-element elementor-element-fe3ceec e-con-full e-flex e-con e-child\" data-id=\"fe3ceec\" data-element_type=\"container\">\n\t\t\t\t<div class=\"elementor-element elementor-element-2fa7bc5 elementor-widget elementor-widget-elementskit-image-box\" data-id=\"2fa7bc5\" data-element_type=\"widget\" data-widget_type=\"elementskit-image-box.default\">\n\t\t\t\t<div class=\"elementor-widget-container\">\n\t\t\t\t\t<div class=\"ekit-wid-con\" >\n            <div class=\"elementskit-info-image-box ekit-image-box text-center floating-style\" >\n\n                \n                <div class=\"elementskit-box-header image-box-img-center\">\n\n                    \n                <\/div>\n                \n                <div class=\"elementskit-box-body ekit-image-box-body\">\n                    <div class=\"elementskit-box-content ekit-image-box-body-inner\">\n                                                <h3 class=\"elementskit-info-box-title\">\n\n                        \n                            <svg aria-hidden=\"true\" class=\"e-font-icon-svg e-fas-fire-alt\" viewBox=\"0 0 448 512\" xmlns=\"http:\/\/www.w3.org\/2000\/svg\"><path d=\"M323.56 51.2c-20.8 19.3-39.58 39.59-56.22 59.97C240.08 73.62 206.28 35.53 168 0 69.74 91.17 0 209.96 0 281.6 0 408.85 100.29 512 224 512s224-103.15 224-230.4c0-53.27-51.98-163.14-124.44-230.4zm-19.47 340.65C282.43 407.01 255.72 416 226.86 416 154.71 416 96 368.26 96 290.75c0-38.61 24.31-72.63 72.79-130.75 6.93 7.98 98.83 125.34 98.83 125.34l58.63-66.88c4.14 6.85 7.91 13.55 11.27 19.97 27.35 52.19 15.81 118.97-33.43 153.42z\"><\/path><\/svg>\n                        Sistemas de Combate a Inc\u00eandio (Life Safety)\n                        \n                    <\/h3>\n                                                            <div class=\"elementskit-box-style-content\">\n                        Projetos de sistemas de Prote\u00e7\u00e3o e Combate a Inc\u00eandio por Extintores, Hidrantes, Sprinkers, Detec\u00e7\u00e3o e Alarme de Inc\u00eandio e Gases Inertes.\n\nGarantimos sempre as melhores solu\u00e7\u00f5es otimizadas no aspecto executivo e em conjunto com os demais sistemas da edifica\u00e7\u00e3o.\n\nNossa experi\u00eancia abrange as \u00e1reas prediais, comerciais e industriais em geral.                    <\/div>\n                                    <\/div>\n\n                            <\/div>\n            <\/div>\n    <\/div>\t\t\t\t<\/div>\n\t\t\t\t<\/div>\n\t\t\t\t<\/div>\n\t\t<div class=\"elementor-element elementor-element-c7df982 e-con-full e-flex e-con e-child\" data-id=\"c7df982\" data-element_type=\"container\">\n\t\t\t\t<div class=\"elementor-element elementor-element-0caa5fc elementor-widget elementor-widget-elementskit-image-box\" data-id=\"0caa5fc\" data-element_type=\"widget\" data-widget_type=\"elementskit-image-box.default\">\n\t\t\t\t<div class=\"elementor-widget-container\">\n\t\t\t\t\t<div class=\"ekit-wid-con\" >\n            <div class=\"elementskit-info-image-box ekit-image-box text-center floating-style\" >\n\n                \n                <div class=\"elementskit-box-header image-box-img-center\">\n\n                    \n                <\/div>\n                \n                <div class=\"elementskit-box-body ekit-image-box-body\">\n                    <div class=\"elementskit-box-content ekit-image-box-body-inner\">\n                                                <h3 class=\"elementskit-info-box-title\">\n\n                        \n                            <svg aria-hidden=\"true\" class=\"e-font-icon-svg e-fas-plug\" viewBox=\"0 0 384 512\" xmlns=\"http:\/\/www.w3.org\/2000\/svg\"><path d=\"M320,32a32,32,0,0,0-64,0v96h64Zm48,128H16A16,16,0,0,0,0,176v32a16,16,0,0,0,16,16H32v32A160.07,160.07,0,0,0,160,412.8V512h64V412.8A160.07,160.07,0,0,0,352,256V224h16a16,16,0,0,0,16-16V176A16,16,0,0,0,368,160ZM128,32a32,32,0,0,0-64,0v96h64Z\"><\/path><\/svg>\n                        Sistemas Eletr\u00f4nicos de Baixa Corrente\n                        \n                    <\/h3>\n                                                            <div class=\"elementskit-box-style-content\">\n                        Projetos de Sistemas Eletr\u00f4nicos de Telecomunica\u00e7\u00f5es, Seguran\u00e7a e Automa\u00e7\u00e3o (BMS);\n\nA integra\u00e7\u00e3o com os demais sistemas \u00e9 o nosso diferencial.\n\nNossa experi\u00eancia abrange as \u00e1reas prediais, comerciais e industriais em geral.                    <\/div>\n                                    <\/div>\n\n                            <\/div>\n            <\/div>\n    <\/div>\t\t\t\t<\/div>\n\t\t\t\t<\/div>\n\t\t\t\t<\/div>\n\t\t<div class=\"elementor-element elementor-element-62f7135 e-con-full e-flex e-con e-child\" data-id=\"62f7135\" data-element_type=\"container\">\n\t\t\t\t<div class=\"elementor-element elementor-element-41668c5 elementor-widget elementor-widget-elementskit-image-box\" data-id=\"41668c5\" data-element_type=\"widget\" data-widget_type=\"elementskit-image-box.default\">\n\t\t\t\t<div class=\"elementor-widget-container\">\n\t\t\t\t\t<div class=\"ekit-wid-con\" >\n            <div class=\"elementskit-info-image-box ekit-image-box text-center floating-style\" >\n\n                \n                <div class=\"elementskit-box-header image-box-img-center\">\n\n                    \n                <\/div>\n                \n                <div class=\"elementskit-box-body ekit-image-box-body\">\n                    <div class=\"elementskit-box-content ekit-image-box-body-inner\">\n                                                <h3 class=\"elementskit-info-box-title\">\n\n                        \n                            <svg aria-hidden=\"true\" class=\"e-font-icon-svg e-fas-building\" viewBox=\"0 0 448 512\" xmlns=\"http:\/\/www.w3.org\/2000\/svg\"><path d=\"M436 480h-20V24c0-13.255-10.745-24-24-24H56C42.745 0 32 10.745 32 24v456H12c-6.627 0-12 5.373-12 12v20h448v-20c0-6.627-5.373-12-12-12zM128 76c0-6.627 5.373-12 12-12h40c6.627 0 12 5.373 12 12v40c0 6.627-5.373 12-12 12h-40c-6.627 0-12-5.373-12-12V76zm0 96c0-6.627 5.373-12 12-12h40c6.627 0 12 5.373 12 12v40c0 6.627-5.373 12-12 12h-40c-6.627 0-12-5.373-12-12v-40zm52 148h-40c-6.627 0-12-5.373-12-12v-40c0-6.627 5.373-12 12-12h40c6.627 0 12 5.373 12 12v40c0 6.627-5.373 12-12 12zm76 160h-64v-84c0-6.627 5.373-12 12-12h40c6.627 0 12 5.373 12 12v84zm64-172c0 6.627-5.373 12-12 12h-40c-6.627 0-12-5.373-12-12v-40c0-6.627 5.373-12 12-12h40c6.627 0 12 5.373 12 12v40zm0-96c0 6.627-5.373 12-12 12h-40c-6.627 0-12-5.373-12-12v-40c0-6.627 5.373-12 12-12h40c6.627 0 12 5.373 12 12v40zm0-96c0 6.627-5.373 12-12 12h-40c-6.627 0-12-5.373-12-12V76c0-6.627 5.373-12 12-12h40c6.627 0 12 5.373 12 12v40z\"><\/path><\/svg>\n                        Rede de utilidades:\n                        \n                    <\/h3>\n                                                            <div class=\"elementskit-box-style-content\">\n                        Projetamos sistemas de redes de utilidades, incluindo \u00e1gua industrial, gases medicinais, ar comprimido, com solu\u00e7\u00f5es que atendam \u00e0s necessidades espec\u00edficas de cada cliente, promovendo economia e funcionalidade.\n\n                     <\/div>\n                                    <\/div>\n\n                            <\/div>\n            <\/div>\n    <\/div>\t\t\t\t<\/div>\n\t\t\t\t<\/div>\n\t\t\t\t<\/div>\n\t\t\t\t\t<\/div>\n\t\t\t\t<\/div>\n\t\t<div class=\"elementor-element elementor-element-72794bc e-flex e-con-boxed e-con e-parent\" data-id=\"72794bc\" data-element_type=\"container\" data-settings=\"{&quot;background_background&quot;:&quot;classic&quot;}\">\n\t\t\t\t\t<div class=\"e-con-inner\">\n\t\t<div class=\"elementor-element elementor-element-171848e e-con-full e-flex e-con e-child\" data-id=\"171848e\" data-element_type=\"container\" data-settings=\"{&quot;background_background&quot;:&quot;classic&quot;}\">\n\t\t\t\t<div class=\"elementor-element elementor-element-4bb3474 elementor-widget elementor-widget-text-editor\" data-id=\"4bb3474\" data-element_type=\"widget\" data-widget_type=\"text-editor.default\">\n\t\t\t\t<div class=\"elementor-widget-container\">\n\t\t\t\t\t\t\t\t\t<p><strong> Seja qual for o seu desafio, temos a experi\u00eancia e a tecnologia necess\u00e1rias<br \/><\/strong><strong> para entregar resultados que superam expectativas!<\/strong><\/p>\t\t\t\t\t\t\t\t<\/div>\n\t\t\t\t<\/div>\n\t\t\t\t<\/div>\n\t\t<div class=\"elementor-element elementor-element-97ef677 e-con-full e-flex e-con e-child\" data-id=\"97ef677\" data-element_type=\"container\">\n\t\t\t\t<div class=\"elementor-element elementor-element-338025f elementor-mobile-align-center elementor-widget elementor-widget-button\" data-id=\"338025f\" data-element_type=\"widget\" data-widget_type=\"button.default\">\n\t\t\t\t<div class=\"elementor-widget-container\">\n\t\t\t\t\t\t\t\t\t<div class=\"elementor-button-wrapper\">\n\t\t\t\t\t<a class=\"elementor-button elementor-button-link elementor-size-sm\" href=\"https:\/\/projetar.com.br\/index.php\/contatos\/\">\n\t\t\t\t\t\t<span class=\"elementor-button-content-wrapper\">\n\t\t\t\t\t\t<span class=\"elementor-button-icon\">\n\t\t\t\t<svg aria-hidden=\"true\" class=\"e-font-icon-svg e-fas-angle-double-right\" viewBox=\"0 0 448 512\" xmlns=\"http:\/\/www.w3.org\/2000\/svg\"><path d=\"M224.3 273l-136 136c-9.4 9.4-24.6 9.4-33.9 0l-22.6-22.6c-9.4-9.4-9.4-24.6 0-33.9l96.4-96.4-96.4-96.4c-9.4-9.4-9.4-24.6 0-33.9L54.3 103c9.4-9.4 24.6-9.4 33.9 0l136 136c9.5 9.4 9.5 24.6.1 34zm192-34l-136-136c-9.4-9.4-24.6-9.4-33.9 0l-22.6 22.6c-9.4 9.4-9.4 24.6 0 33.9l96.4 96.4-96.4 96.4c-9.4 9.4-9.4 24.6 0 33.9l22.6 22.6c9.4 9.4 24.6 9.4 33.9 0l136-136c9.4-9.2 9.4-24.4 0-33.8z\"><\/path><\/svg>\t\t\t<\/span>\n\t\t\t\t\t\t\t\t\t<span class=\"elementor-button-text\">Entre em Contato Conosco!<\/span>\n\t\t\t\t\t<\/span>\n\t\t\t\t\t<\/a>\n\t\t\t\t<\/div>\n\t\t\t\t\t\t\t\t<\/div>\n\t\t\t\t<\/div>\n\t\t\t\t<\/div>\n\t\t<div class=\"elementor-element elementor-element-0ed6624 e-con-full e-flex e-con e-child\" data-id=\"0ed6624\" data-element_type=\"container\" data-settings=\"{&quot;background_background&quot;:&quot;classic&quot;}\">\n\t\t\t\t<div class=\"elementor-element elementor-element-fce42a2 elementor-widget elementor-widget-text-editor\" data-id=\"fce42a2\" data-element_type=\"widget\" data-widget_type=\"text-editor.default\">\n\t\t\t\t<div class=\"elementor-widget-container\">\n\t\t\t\t\t\t\t\t\t<p><strong>Juntos, vamos PROJETAR um futuro melhor!<\/strong><\/p>\t\t\t\t\t\t\t\t<\/div>\n\t\t\t\t<\/div>\n\t\t\t\t<\/div>\n\t\t\t\t\t<\/div>\n\t\t\t\t<\/div>\n\t\t\t\t<\/div>\n\t\t","protected":false},"excerpt":{"rendered":"<p>Nossos Servi\u00e7os Somos uma empresa de engenharia dedicada \u00e0 projetos e assessoria em sistemas! Al\u00e9m de oferecer tamb\u00e9m servi\u00e7os de Fiscaliza\u00e7\u00e3o e Acompanhamento de Obras. Elabora\u00e7\u00e3o de projetos em 2D e 3D \u00a0 Sistemas El\u00e9tricos Oferecemos servi\u00e7os de projetos de sistemas el\u00e9tricos Residenciais, Corporativos, Shoppings centers e projetos Industriais, garantindo efici\u00eancia, seguran\u00e7a e conformidade com [&hellip;]<\/p>\n","protected":false},"author":1,"featured_media":0,"parent":0,"menu_order":0,"comment_status":"closed","ping_status":"closed","template":"elementor_header_footer","meta":{"footnotes":""},"class_list":["post-44","page","type-page","status-publish","hentry"],"_links":{"self":[{"href":"https:\/\/projetar.com.br\/index.php\/wp-json\/wp\/v2\/pages\/44","targetHints":{"allow":["GET"]}}],"collection":[{"href":"https:\/\/projetar.com.br\/index.php\/wp-json\/wp\/v2\/pages"}],"about":[{"href":"https:\/\/projetar.com.br\/index.php\/wp-json\/wp\/v2\/types\/page"}],"author":[{"embeddable":true,"href":"https:\/\/projetar.com.br\/index.php\/wp-json\/wp\/v2\/users\/1"}],"replies":[{"embeddable":true,"href":"https:\/\/projetar.com.br\/index.php\/wp-json\/wp\/v2\/comments?post=44"}],"version-history":[{"count":5,"href":"https:\/\/projetar.com.br\/index.php\/wp-json\/wp\/v2\/pages\/44\/revisions"}],"predecessor-version":[{"id":971,"href":"https:\/\/projetar.com.br\/index.php\/wp-json\/wp\/v2\/pages\/44\/revisions\/971"}],"wp:attachment":[{"href":"https:\/\/projetar.com.br\/index.php\/wp-json\/wp\/v2\/media?parent=44"}],"curies":[{"name":"wp","href":"https:\/\/api.w.org\/{rel}","templated":true}]}}